{"id":41,"date":"2021-04-23T19:20:33","date_gmt":"2021-04-23T10:20:33","guid":{"rendered":"https:\/\/www.secondmaterial.co.jp\/form\/?page_id=41"},"modified":"2022-11-01T18:57:31","modified_gmt":"2022-11-01T09:57:31","slug":"kform-ref","status":"publish","type":"page","link":"https:\/\/www.secondmaterial.co.jp\/form\/kform-ref\/","title":{"rendered":"\u8cc7\u6599\u8acb\u6c42\u30d5\u30a9\u30fc\u30e0\uff0fNatural Melody\u30fb\u8cb7\u53d6\u30cd\u30c3\u30c8"},"content":{"rendered":"<h1>\u8cc7\u6599\u30fb\u7533\u8fbc\u307f\u7528\u7d19\u3054\u8acb\u6c42\u30d5\u30a9\u30fc\u30e0<\/h1>\n<h3>\u304a\u9001\u308a\u3059\u308b\u30bb\u30c3\u30c8\u5185\u5bb9<\/h3>\n<p>\u8cb7\u53d6\u624b\u9806\u306a\u3069\u306e\u624b\u5f15\u66f8\u3001\u7533\u8fbc\u307f\u7528\u7d19\u3001\u9001\u308a\u72b6\uff08\u30af\u30ed\u30cd\u30b3\u30e4\u30de\u30c8\u30fb\u3086\u3046\u30d1\u30c3\u30af\uff09<\/p>\n\n<div class=\"wpcf7 no-js\" id=\"wpcf7-f40-o1\" lang=\"ja\" dir=\"ltr\">\n<div class=\"screen-reader-response\"><p role=\"status\" aria-live=\"polite\" aria-atomic=\"true\"><\/p> <ul><\/ul><\/div>\n<form action=\"\/form\/wp-json\/wp\/v2\/pages\/41#wpcf7-f40-o1\" method=\"post\" class=\"wpcf7-form init\" aria-label=\"\u30b3\u30f3\u30bf\u30af\u30c8\u30d5\u30a9\u30fc\u30e0\" novalidate=\"novalidate\" data-status=\"init\">\n<div style=\"display: none;\">\n<input type=\"hidden\" name=\"_wpcf7\" value=\"40\" \/>\n<input type=\"hidden\" name=\"_wpcf7_version\" value=\"5.7.6\" \/>\n<input type=\"hidden\" name=\"_wpcf7_locale\" value=\"ja\" \/>\n<input type=\"hidden\" name=\"_wpcf7_unit_tag\" value=\"wpcf7-f40-o1\" \/>\n<input type=\"hidden\" name=\"_wpcf7_container_post\" value=\"0\" \/>\n<input type=\"hidden\" name=\"_wpcf7_posted_data_hash\" value=\"\" \/>\n<input type=\"hidden\" name=\"_wpcf7cf_hidden_group_fields\" value=\"[]\" \/>\n<input type=\"hidden\" name=\"_wpcf7cf_hidden_groups\" value=\"[]\" \/>\n<input type=\"hidden\" name=\"_wpcf7cf_visible_groups\" value=\"[]\" \/>\n<input type=\"hidden\" name=\"_wpcf7cf_repeaters\" value=\"[]\" \/>\n<input type=\"hidden\" name=\"_wpcf7cf_steps\" value=\"{}\" \/>\n<input type=\"hidden\" name=\"_wpcf7cf_options\" value=\"{&quot;form_id&quot;:40,&quot;conditions&quot;:[],&quot;settings&quot;:{&quot;animation&quot;:&quot;yes&quot;,&quot;animation_intime&quot;:200,&quot;animation_outtime&quot;:200,&quot;conditions_ui&quot;:&quot;normal&quot;,&quot;notice_dismissed&quot;:false}}\" \/>\n<\/div>\n<table class=\"CF7_table kesu\">\n\t<tr>\n\t\t<th>\n\t\t\t<p>\u304a\u540d\u524d\n\t\t\t<\/p>\n\t\t<\/th>\n\t\t<td>\n\t\t\t<p><span class=\"wpcf7-form-control-wrap\" data-name=\"your-name\"><input size=\"40\" class=\"wpcf7-form-control wpcf7-text wpcf7-validates-as-required\" aria-required=\"true\" aria-invalid=\"false\" placeholder=\"\u4f8b\uff1a\u3042\u306a\u305f\u306e\u304a\u540d\u524d\" value=\"\" type=\"text\" name=\"your-name\" \/><\/span>\n\t\t\t<\/p>\n\t\t<\/td>\n\t<\/tr>\n\t<tr>\n\t\t<th>\n\t\t\t<p>\u90f5\u4fbf\u756a\u53f7\n\t\t\t<\/p>\n\t\t<\/th>\n\t\t<td class=\"address-30\">\n\t\t\t<p><span class=\"wpcf7-form-control-wrap\" data-name=\"yubin\"><input size=\"40\" class=\"wpcf7-form-control wpcf7-text wpcf7-validates-as-required\" aria-required=\"true\" aria-invalid=\"false\" value=\"\" type=\"text\" name=\"yubin\" \/><\/span>\n\t\t\t<\/p>\n\t\t<\/td>\n\t<\/tr>\n\t<tr>\n\t\t<th>\n\t\t\t<p>\u3054\u4f4f\u6240\n\t\t\t<\/p>\n\t\t<\/th>\n\t\t<td class=\"address-100\">\n\t\t\t<p><span class=\"wpcf7-form-control-wrap\" data-name=\"text-409\"><input size=\"40\" class=\"wpcf7-form-control wpcf7-text wpcf7-validates-as-required\" aria-required=\"true\" aria-invalid=\"false\" placeholder=\"\u6771\u4eac\u90fd\u4e2d\u592e\u533a\u9280\u5ea71-2-3\" value=\"\" type=\"text\" name=\"text-409\" \/><\/span>\n\t\t\t<\/p>\n\t\t<\/td>\n\t<\/tr>\n\t<tr>\n\t\t<th>\n\t\t\t<p>\u304a\u96fb\u8a71\u756a\u53f7\n\t\t\t<\/p>\n\t\t<\/th>\n\t\t<td>\n\t\t\t<p><span class=\"wpcf7-form-control-wrap\" data-name=\"your-tel\"><input size=\"40\" class=\"wpcf7-form-control wpcf7-text wpcf7-validates-as-required\" aria-required=\"true\" aria-invalid=\"false\" placeholder=\"\u4f8b\uff1a03-1234-5678\" value=\"\" type=\"text\" name=\"your-tel\" \/><\/span>\n\t\t\t<\/p>\n\t\t<\/td>\n\t<\/tr>\n\t<tr>\n\t\t<th>\n\t\t\t<p>\u30e1\u30fc\u30eb\u30a2\u30c9\u30ec\u30b9\n\t\t\t<\/p>\n\t\t<\/th>\n\t\t<td>\n\t\t\t<p><span class=\"wpcf7-form-control-wrap\" data-name=\"your-email\"><input size=\"40\" class=\"wpcf7-form-control wpcf7-text wpcf7-email wpcf7-validates-as-required wpcf7-validates-as-email\" aria-required=\"true\" aria-invalid=\"false\" placeholder=\"\u4f8b\uff1a\u00d7\u00d7\u00d7@\u00d7\u00d7\u00d7.com\" value=\"\" type=\"email\" name=\"your-email\" \/><\/span><br \/>\n\u203b\u300c@secondmaterial.co.jp\u300d\u304b\u3089\u306e\u30e1\u30fc\u30eb\u3092\u53d7\u4fe1\u53ef\u80fd\u306a\u72b6\u614b\u306b\u8a2d\u5b9a\u3057\u3066\u304f\u3060\u3055\u3044\n\t\t\t<\/p>\n\t\t<\/td>\n\t<\/tr>\n\t<tr class=\"haisou\">\n\t\t<td colspan=\"2\">\n\t\t\t<p>\u8cb7\u53d6\u54c1\u3092\u304a\u9001\u308a\u3044\u305f\u3060\u304f\u969b\u306b\u30c0\u30f3\u30dc\u30fc\u30eb\u7bb1\u306b\u8cbc\u3063\u3066\u3044\u305f\u3060\u304f\u767a\u9001\u30e9\u30d9\u30eb\u3092\u540c\u5c01\u3044\u305f\u3057\u307e\u3059\u3002<br \/>\n\u5fc5\u8981\u306a\u7a2e\u985e\u3001\u679a\u6570\uff08\u7bb1\u6570\u5206\uff09\u3092\u304a\u77e5\u3089\u305b\u304f\u3060\u3055\u3044<br \/>\n<span class=\"wpcf7-form-control-wrap\" data-name=\"label\"><select class=\"wpcf7-form-control wpcf7-select wpcf7-validates-as-required\" aria-required=\"true\" aria-invalid=\"false\" name=\"label\"><option value=\"\u30af\u30ed\u30cd\u30b3\u30e4\u30de\u30c8\">\u30af\u30ed\u30cd\u30b3\u30e4\u30de\u30c8<\/option><option value=\"\u3086\u3046\u30d1\u30c3\u30af\">\u3086\u3046\u30d1\u30c3\u30af<\/option><option value=\"\u307e\u3060\u672a\u5b9a\u306e\u305f\u3081\u4e21\u65b9\">\u307e\u3060\u672a\u5b9a\u306e\u305f\u3081\u4e21\u65b9<\/option><option value=\"\u3069\u3061\u3089\u3082\u5fc5\u8981\u306a\u3057\">\u3069\u3061\u3089\u3082\u5fc5\u8981\u306a\u3057<\/option><\/select><\/span><span class=\"wpcf7-form-control-wrap\" data-name=\"number-820\"><input class=\"wpcf7-form-control wpcf7-number wpcf7-validates-as-required wpcf7-validates-as-number\" min=\"0\" aria-required=\"true\" aria-invalid=\"false\" value=\"\" type=\"number\" name=\"number-820\" \/><\/span>\u679a\n\t\t\t<\/p>\n\t\t<\/td>\n\t<\/tr>\n<\/table>\n<p class=\"pp kesu\"><a href=\"https:\/\/www.naturalmelody.com\/privacy_policy.htm\">\u30d7\u30e9\u30a4\u30d0\u30b7\u30fc\u30dd\u30ea\u30b7\u30fc<\/a>\u3092\u304a\u8aad\u307f\u3044\u305f\u3060\u304d\u3001\u540c\u610f\u306e\u3046\u3048\u300c\u78ba\u8a8d\u300d\u3092\u30af\u30ea\u30c3\u30af\u3057\u3066\u304f\u3060\u3055\u3044\n<\/p>\n<p class=\"CF7_btn kesu\"><input class=\"wpcf7-form-control has-spinner wpcf7-submit\" type=\"submit\" value=\"\u78ba\u8a8d\" \/><input type=\"hidden\" name=\"_cf7msm_multistep_tag\" class=\"wpcf7-form-control cf7msm-multistep wpcf7-multistep\" value=\"{&quot;first_step&quot;:1,&quot;next_url&quot;:&quot;\\\/form\\\/contact4-confirm\\\/&quot;}\" \/><input type=\"hidden\" name=\"cf7msm-no-ss\" value=\"\" \/>\n<\/p><div class=\"wpcf7-response-output\" aria-hidden=\"true\"><\/div>\n<\/form>\n<\/div>\n\n","protected":false},"excerpt":{"rendered":"<p>\u8cc7\u6599\u30fb\u7533\u8fbc\u307f\u7528\u7d19\u3054\u8acb\u6c42\u30d5\u30a9\u30fc\u30e0 \u304a\u9001\u308a\u3059\u308b\u30bb\u30c3\u30c8\u5185\u5bb9 \u8cb7\u53d6\u624b\u9806\u306a\u3069\u306e\u624b\u5f15\u66f8\u3001\u7533\u8fbc\u307f\u7528\u7d19\u3001\u9001\u308a\u72b6\uff08\u30af\u30ed\u30cd\u30b3\u30e4\u30de\u30c8\u30fb\u3086\u3046\u30d1\u30c3\u30af\uff09<\/p>\n","protected":false},"author":3,"featured_media":0,"parent":0,"menu_order":12,"comment_status":"closed","ping_status":"closed","template":"","meta":[],"_links":{"self":[{"href":"https:\/\/www.secondmaterial.co.jp\/form\/wp-json\/wp\/v2\/pages\/41"}],"collection":[{"href":"https:\/\/www.secondmaterial.co.jp\/form\/wp-json\/wp\/v2\/pages"}],"about":[{"href":"https:\/\/www.secondmaterial.co.jp\/form\/wp-json\/wp\/v2\/types\/page"}],"author":[{"embeddable":true,"href":"https:\/\/www.secondmaterial.co.jp\/form\/wp-json\/wp\/v2\/users\/3"}],"replies":[{"embeddable":true,"href":"https:\/\/www.secondmaterial.co.jp\/form\/wp-json\/wp\/v2\/comments?post=41"}],"version-history":[{"count":4,"href":"https:\/\/www.secondmaterial.co.jp\/form\/wp-json\/wp\/v2\/pages\/41\/revisions"}],"predecessor-version":[{"id":117,"href":"https:\/\/www.secondmaterial.co.jp\/form\/wp-json\/wp\/v2\/pages\/41\/revisions\/117"}],"wp:attachment":[{"href":"https:\/\/www.secondmaterial.co.jp\/form\/wp-json\/wp\/v2\/media?parent=41"}],"curies":[{"name":"wp","href":"https:\/\/api.w.org\/{rel}","templated":true}]}}