{"id":28,"date":"2021-04-23T17:38:52","date_gmt":"2021-04-23T08:38:52","guid":{"rendered":"http:\/\/kir012718.kir.jp\/secondmaterial.co.jp\/s-form\/?page_id=28"},"modified":"2023-05-23T19:14:06","modified_gmt":"2023-05-23T10:14:06","slug":"sform-entry","status":"publish","type":"page","link":"https:\/\/www.secondmaterial.co.jp\/s-form\/sform-entry\/","title":{"rendered":"\u8cb7\u53d6\u304a\u7533\u8fbc\u307f\u30d5\u30a9\u30fc\u30e0\uff0f\u67fb\u5b9a\u8077\u4eba\uff1a\u8cb7\u53d6\u30b5\u30a4\u30c8"},"content":{"rendered":"<div class=\"non\">\n\u8cb7\u53d6\u54c1\u3092\u9001\u308b\u305f\u3081\u306e\u30c0\u30f3\u30dc\u30fc\u30eb\u3092\u3054\u5e0c\u671b\u306e\u304a\u5ba2\u69d8\u306f\u5148\u306b\u3053\u3061\u3089\u3088\u308a\u3054\u8acb\u6c42\u304f\u3060\u3055\u3044<br \/>\n<a href=\"https:\/\/www.secondmaterial.co.jp\/s-form\/sform-box\/\" target=\"_blank\" rel=\"noopener\"><img decoding=\"async\" loading=\"lazy\" src=\"\/wp-content\/uploads\/2022\/08\/button-box-m.png\" alt=\"\" width=\"498\" height=\"84\" class=\"alignnone size-full wp-image-83 pc\" srcset=\"https:\/\/www.naturalmelody.com\/wp-content\/uploads\/2022\/08\/button-box-m.png 498w, https:\/\/www.naturalmelody.com\/wp-content\/uploads\/2022\/08\/button-box-m-300x51.png 300w\" sizes=\"(max-width: 498px) 100vw, 498px\"><\/a><br \/>\n\u30c0\u30f3\u30dc\u30fc\u30eb\u304c\u5c4a\u304d\u307e\u3057\u305f\u5f8c\u306b\u8cb7\u53d6\u306e\u304a\u7533\u8fbc\u307f\u3092\u304a\u9858\u3044\u3044\u305f\u3057\u307e\u3059\n<\/div>\n<h1>\u8cb7\u53d6\u304a\u7533\u3057\u8fbc\u307f\u30d5\u30a9\u30fc\u30e0<\/h1>\n\n<div class=\"wpcf7 no-js\" id=\"wpcf7-f26-o1\" lang=\"ja\" dir=\"ltr\">\n<div class=\"screen-reader-response\"><p role=\"status\" aria-live=\"polite\" aria-atomic=\"true\"><\/p> <ul><\/ul><\/div>\n<form action=\"\/s-form\/wp-json\/wp\/v2\/pages\/28#wpcf7-f26-o1\" method=\"post\" class=\"wpcf7-form init\" aria-label=\"\u30b3\u30f3\u30bf\u30af\u30c8\u30d5\u30a9\u30fc\u30e0\" novalidate=\"novalidate\" data-status=\"init\">\n<div style=\"display: none;\">\n<input type=\"hidden\" name=\"_wpcf7\" value=\"26\" \/>\n<input type=\"hidden\" name=\"_wpcf7_version\" value=\"5.7.6\" \/>\n<input type=\"hidden\" name=\"_wpcf7_locale\" value=\"ja\" \/>\n<input type=\"hidden\" name=\"_wpcf7_unit_tag\" value=\"wpcf7-f26-o1\" \/>\n<input type=\"hidden\" name=\"_wpcf7_container_post\" value=\"0\" \/>\n<input type=\"hidden\" name=\"_wpcf7_posted_data_hash\" value=\"\" \/>\n<input type=\"hidden\" name=\"_wpcf7cf_hidden_group_fields\" value=\"[]\" \/>\n<input type=\"hidden\" name=\"_wpcf7cf_hidden_groups\" value=\"[]\" \/>\n<input type=\"hidden\" name=\"_wpcf7cf_visible_groups\" value=\"[]\" \/>\n<input type=\"hidden\" name=\"_wpcf7cf_repeaters\" value=\"[]\" \/>\n<input type=\"hidden\" name=\"_wpcf7cf_steps\" value=\"{}\" \/>\n<input type=\"hidden\" name=\"_wpcf7cf_options\" value=\"{&quot;form_id&quot;:26,&quot;conditions&quot;:[],&quot;settings&quot;:{&quot;animation&quot;:&quot;yes&quot;,&quot;animation_intime&quot;:200,&quot;animation_outtime&quot;:200,&quot;conditions_ui&quot;:&quot;normal&quot;,&quot;notice_dismissed&quot;:false}}\" \/>\n<\/div>\n<div class=\"hidden-content\">\n\t<table class=\"CF7_table kesu\">\n\t\t<tr>\n\t\t\t<th>\n\t\t\t\t<p>\u304a\u540d\u524d\n\t\t\t\t<\/p>\n\t\t\t<\/th>\n\t\t\t<td>\n\t\t\t\t<p><span class=\"wpcf7-form-control-wrap\" data-name=\"your-name\"><input size=\"40\" class=\"wpcf7-form-control wpcf7-text wpcf7-validates-as-required\" aria-required=\"true\" aria-invalid=\"false\" placeholder=\"\u4f8b\uff1a\u3042\u306a\u305f\u306e\u304a\u540d\u524d\" value=\"\" type=\"text\" name=\"your-name\" \/><\/span>\n\t\t\t\t<\/p>\n\t\t\t<\/td>\n\t\t<\/tr>\n\t\t<tr>\n\t\t\t<th>\n\t\t\t\t<p>\u30d5\u30ea\u30ac\u30ca\n\t\t\t\t<\/p>\n\t\t\t<\/th>\n\t\t\t<td>\n\t\t\t\t<p><span class=\"wpcf7-form-control-wrap\" data-name=\"your-name2\"><input size=\"40\" class=\"wpcf7-form-control wpcf7-text wpcf7-validates-as-required\" aria-required=\"true\" aria-invalid=\"false\" placeholder=\"\u4f8b\uff1a\u3042\u306a\u305f\u306e\u304a\u540d\u524d(\u30d5\u30ea\u30ac\u30ca)\" value=\"\" type=\"text\" name=\"your-name2\" \/><\/span>\n\t\t\t\t<\/p>\n\t\t\t<\/td>\n\t\t<\/tr>\n\t\t<tr>\n\t\t\t<th>\n\t\t\t\t<p>\u751f\u5e74\u6708\u65e5\n\t\t\t\t<\/p>\n\t\t\t<\/th>\n\t\t\t<td class=\"nengapi\">\n\t\t\t\t<p><span class=\"wpcf7-form-control-wrap\" data-name=\"nen\"><input size=\"40\" class=\"wpcf7-form-control wpcf7-text wpcf7-validates-as-required\" aria-required=\"true\" aria-invalid=\"false\" value=\"\" type=\"text\" name=\"nen\" \/><\/span> \u5e74 <span class=\"wpcf7-form-control-wrap\" data-name=\"gatsu\"><input size=\"40\" class=\"wpcf7-form-control wpcf7-text wpcf7-validates-as-required\" aria-required=\"true\" aria-invalid=\"false\" value=\"\" type=\"text\" name=\"gatsu\" \/><\/span> \u6708<span class=\"wpcf7-form-control-wrap\" data-name=\"nichi\"><input size=\"40\" class=\"wpcf7-form-control wpcf7-text wpcf7-validates-as-required\" aria-required=\"true\" aria-invalid=\"false\" value=\"\" type=\"text\" name=\"nichi\" \/><\/span> \u65e5\n\t\t\t\t<\/p>\n\t\t\t<\/td>\n\t\t<\/tr>\n\t\t<tr>\n\t\t\t<th>\n\t\t\t\t<p>\u90f5\u4fbf\u756a\u53f7\n\t\t\t\t<\/p>\n\t\t\t<\/th>\n\t\t\t<td class=\"address-30\">\n\t\t\t\t<p><span class=\"wpcf7-form-control-wrap\" data-name=\"yubin\"><input size=\"40\" class=\"wpcf7-form-control wpcf7-text wpcf7-validates-as-required\" aria-required=\"true\" aria-invalid=\"false\" value=\"\" type=\"text\" name=\"yubin\" \/><\/span>\n\t\t\t\t<\/p>\n\t\t\t<\/td>\n\t\t<\/tr>\n\t\t<tr>\n\t\t\t<th>\n\t\t\t\t<p>\u3054\u4f4f\u6240\n\t\t\t\t<\/p>\n\t\t\t<\/th>\n\t\t\t<td class=\"address-100\">\n\t\t\t\t<p><span class=\"wpcf7-form-control-wrap\" data-name=\"text-409\"><input size=\"40\" class=\"wpcf7-form-control wpcf7-text wpcf7-validates-as-required\" aria-required=\"true\" aria-invalid=\"false\" placeholder=\"\u6771\u4eac\u90fd\u4e2d\u592e\u533a\u9280\u5ea71-2-3\" value=\"\" type=\"text\" name=\"text-409\" \/><\/span>\n\t\t\t\t<\/p>\n\t\t\t<\/td>\n\t\t<\/tr>\n\t\t<tr>\n\t\t\t<th>\n\t\t\t\t<p>\u304a\u96fb\u8a71\u756a\u53f7\n\t\t\t\t<\/p>\n\t\t\t<\/th>\n\t\t\t<td>\n\t\t\t\t<p><span class=\"wpcf7-form-control-wrap\" data-name=\"your-tel\"><input size=\"40\" class=\"wpcf7-form-control wpcf7-text wpcf7-validates-as-required\" aria-required=\"true\" aria-invalid=\"false\" placeholder=\"\u4f8b\uff1a03-1234-5678\" value=\"\" type=\"text\" name=\"your-tel\" \/><\/span>\n\t\t\t\t<\/p>\n\t\t\t<\/td>\n\t\t<\/tr>\n\t\t<tr>\n\t\t\t<th>\n\t\t\t\t<p>\u30e1\u30fc\u30eb\u30a2\u30c9\u30ec\u30b9\n\t\t\t\t<\/p>\n\t\t\t<\/th>\n\t\t\t<td>\n\t\t\t\t<p><span class=\"wpcf7-form-control-wrap\" data-name=\"your-email\"><input size=\"40\" class=\"wpcf7-form-control wpcf7-text wpcf7-email wpcf7-validates-as-required wpcf7-validates-as-email\" aria-required=\"true\" aria-invalid=\"false\" placeholder=\"\u4f8b\uff1a\u00d7\u00d7\u00d7@\u00d7\u00d7\u00d7.com\" value=\"\" type=\"email\" name=\"your-email\" \/><\/span>\n\t\t\t\t<\/p>\n\t\t\t<\/td>\n\t\t<\/tr>\n\t\t<tr>\n\t\t\t<th>\n\t\t\t\t<p>\u67fb\u5b9a\u7d50\u679c\u306e\u304a\u77e5\u3089\u305b\u65b9\u6cd5\n\t\t\t\t<\/p>\n\t\t\t<\/th>\n\t\t\t<td>\n\t\t\t\t<p><span class=\"wpcf7-form-control-wrap\" data-name=\"howto\"><span class=\"wpcf7-form-control wpcf7-radio\"><span class=\"wpcf7-list-item first\"><label><input type=\"radio\" name=\"howto\" value=\"\u30e1\u30fc\u30eb\" \/><span class=\"wpcf7-list-item-label\">\u30e1\u30fc\u30eb<\/span><\/label><\/span><span class=\"wpcf7-list-item last\"><label><input type=\"radio\" name=\"howto\" value=\"\u90f5\u9001\" \/><span class=\"wpcf7-list-item-label\">\u90f5\u9001<\/span><\/label><\/span><\/span><\/span><br \/>\n<span>(\u90f5\u9001\u3067\u306e\u304a\u77e5\u3089\u305b\u306f\u6570\u65e5\u4f59\u5206\u306b\u304a\u6642\u9593\u304c\u304b\u304b\u308a\u307e\u3059)<\/span>\n\t\t\t\t<\/p>\n\t\t\t<\/td>\n\t\t<\/tr>\n\t<\/table>\n\t<div class=\"ato-nyuryoku about-hassou\">\n\t\t<p class=\"gohassou\">\u3054\u767a\u9001\u306b\u3064\u3044\u3066\n\t\t<\/p>\n\t\t<table class=\"CF7_table\">\n\t\t\t<tr>\n\t\t\t\t<th>\n\t\t\t\t\t<p>\u304a\u9001\u308a\u3044\u305f\u3060\u304f\u7bb1\u6570\n\t\t\t\t\t<\/p>\n\t\t\t\t<\/th>\n\t\t\t\t<td>\n\t\t\t\t\t<p><span class=\"wpcf7-form-control-wrap\" data-name=\"hako\"><input size=\"40\" class=\"wpcf7-form-control wpcf7-text hako\" aria-invalid=\"false\" value=\"\" type=\"text\" name=\"hako\" \/><\/span>\u7bb1\n\t\t\t\t\t<\/p>\n\t\t\t\t<\/td>\n\t\t\t<\/tr>\n\t\t\t<tr>\n\t\t\t\t<td colspan=\"2\" class=\"check-radio\">\n\t\t\t\t\t<p><span class=\"wpcf7-form-control-wrap\" data-name=\"hassou-shuka\"><span class=\"wpcf7-form-control wpcf7-radio\"><span class=\"wpcf7-list-item first\"><label><input type=\"radio\" name=\"hassou-shuka\" value=\"\u304a\u5ba2\u69d8\u3054\u81ea\u8eab\u3067\u3054\u767a\u9001\" \/><span class=\"wpcf7-list-item-label\">\u304a\u5ba2\u69d8\u3054\u81ea\u8eab\u3067\u3054\u767a\u9001<\/span><\/label><\/span><span class=\"wpcf7-list-item last\"><label><input type=\"radio\" name=\"hassou-shuka\" value=\"\u96c6\u8377\u3092\u5e0c\u671b\" \/><span class=\"wpcf7-list-item-label\">\u96c6\u8377\u3092\u5e0c\u671b<\/span><\/label><\/span><\/span><\/span>\n\t\t\t\t\t<\/p>\n\t\t\t\t<\/td>\n\t\t\t<\/tr>\n\t\t<\/table>\n\t\t<div class=\"content-to-show3\" style=\"display:none;\">\n\t\t\t<table class=\"CF7_table\">\n\t\t\t\t<tr>\n\t\t\t\t\t<th>\n\t\t\t\t\t\t<p>\u96c6\u8377\u5e0c\u671b\u65e5\n\t\t\t\t\t\t<\/p>\n\t\t\t\t\t<\/th>\n\t\t\t\t\t<td>\n\t\t\t\t\t\t<p><span class=\"wpcf7-form-control-wrap\" data-name=\"shuka-date\"><input size=\"40\" class=\"wpcf7-form-control wpcf7-text\" aria-invalid=\"false\" value=\"\" type=\"text\" name=\"shuka-date\" \/><\/span><span class=\"hako-block\">\u203b\u96c6\u8377\u306e\u969b\u306e\u8377\u7269\u306e\u304a\u6e21\u3057\u306f\u3054\u672c\u4eba\u4ee5\u5916(\u3054\u5bb6\u65cf\u306e\u65b9\u306a\u3069)\u3067\u3082\u5927\u4e08\u592b\u3067\u3059<\/span>\n\t\t\t\t\t\t<\/p>\n\t\t\t\t\t<\/td>\n\t\t\t\t<\/tr>\n\t\t\t\t<tr>\n\t\t\t\t\t<th>\n\t\t\t\t\t\t<p>\u96c6\u8377\u5e0c\u671b\u6642\u9593\n\t\t\t\t\t\t<\/p>\n\t\t\t\t\t<\/th>\n\t\t\t\t\t<td class=\"check-radio\">\n\t\t\t\t\t\t<p><span class=\"wpcf7-form-control-wrap\" data-name=\"shuka-time\"><span class=\"wpcf7-form-control wpcf7-checkbox wpcf7-exclusive-checkbox\" id=\"shuka-time\"><span class=\"wpcf7-list-item first\"><label><input type=\"checkbox\" name=\"shuka-time\" value=\"\uff5e13:00\" \/><span class=\"wpcf7-list-item-label\">\uff5e13:00<\/span><\/label><\/span><span class=\"wpcf7-list-item\"><label><input type=\"checkbox\" name=\"shuka-time\" value=\"14:00\uff5e16:00\" \/><span class=\"wpcf7-list-item-label\">14:00\uff5e16:00<\/span><\/label><\/span><span class=\"wpcf7-list-item\"><label><input type=\"checkbox\" name=\"shuka-time\" value=\"16:00\uff5e18:00\" \/><span class=\"wpcf7-list-item-label\">16:00\uff5e18:00<\/span><\/label><\/span><span class=\"wpcf7-list-item\"><label><input type=\"checkbox\" name=\"shuka-time\" value=\"17:00\uff5e18:30\" \/><span class=\"wpcf7-list-item-label\">17:00\uff5e18:30<\/span><\/label><\/span><span class=\"wpcf7-list-item last\"><label><input type=\"checkbox\" name=\"shuka-time\" value=\"\u6642\u9593\u5e2f\u306e\u5e0c\u671b\u306a\u3057\" \/><span class=\"wpcf7-list-item-label\">\u6642\u9593\u5e2f\u306e\u5e0c\u671b\u306a\u3057<\/span><\/label><\/span><\/span><\/span>\n\t\t\t\t\t\t<\/p>\n\t\t\t\t\t<\/td>\n\t\t\t\t<\/tr>\n\t\t\t\t<tr>\n\t\t\t\t\t<td colspan=\"2\" class=\"check-radio\">\n\t\t\t\t\t\t<p><span class=\"wpcf7-form-control-wrap\" data-name=\"chaku-moto\"><span class=\"wpcf7-form-control wpcf7-checkbox wpcf7-exclusive-checkbox chaku-moto-select\"><span class=\"wpcf7-list-item first\"><label><input type=\"checkbox\" name=\"chaku-moto\" value=\"\u7740\u6255\u3044\uff08\u9001\u6599\u7121\u6599\uff09\" \/><span class=\"wpcf7-list-item-label\">\u7740\u6255\u3044\uff08\u9001\u6599\u7121\u6599\uff09<\/span><\/label><\/span><span class=\"wpcf7-list-item last\"><label><input type=\"checkbox\" name=\"chaku-moto\" value=\"\u5143\u6255\u3044\uff08\u9001\u6599\u304a\u5ba2\u69d8\u8ca0\u62c5\uff09\" \/><span class=\"wpcf7-list-item-label\">\u5143\u6255\u3044\uff08\u9001\u6599\u304a\u5ba2\u69d8\u8ca0\u62c5\uff09<\/span><\/label><\/span><\/span><\/span>\n\t\t\t\t\t\t<\/p>\n\t\t\t\t\t<\/td>\n\t\t\t\t<\/tr>\n\t\t\t\t<tr>\n\t\t\t\t\t<td colspan=\"2\" class=\"hinmoku-td\">\n\t\t\t\t\t\t<p class=\"okuri-hinmoku\">\u304a\u9001\u308a\u3044\u305f\u3060\u304f\u54c1\u76ee\u306b\u5168\u3066\u30c1\u30a7\u30c3\u30af\u3092\u5165\u308c\u3066\u304f\u3060\u3055\u3044\n\t\t\t\t\t\t<\/p>\n\t\t\t\t\t\t<p><span class=\"wpcf7-form-control-wrap\" data-name=\"hinmoku-item\"><span class=\"wpcf7-form-control wpcf7-checkbox\"><span class=\"wpcf7-list-item first\"><label><input type=\"checkbox\" name=\"hinmoku-item[]\" value=\"CD\" \/><span class=\"wpcf7-list-item-label\">CD<\/span><\/label><\/span><span class=\"wpcf7-list-item\"><label><input type=\"checkbox\" name=\"hinmoku-item[]\" value=\"DVD\u30fb\u30d6\u30eb\u30fc\u30ec\u30a4\" \/><span class=\"wpcf7-list-item-label\">DVD\u30fb\u30d6\u30eb\u30fc\u30ec\u30a4<\/span><\/label><\/span><span class=\"wpcf7-list-item\"><label><input type=\"checkbox\" name=\"hinmoku-item[]\" value=\"\u30ec\u30b3\u30fc\u30c9\" \/><span class=\"wpcf7-list-item-label\">\u30ec\u30b3\u30fc\u30c9<\/span><\/label><\/span><span class=\"wpcf7-list-item last\"><label><input type=\"checkbox\" name=\"hinmoku-item[]\" value=\"\u672c\u30fb\u5199\u771f\u96c6\" \/><span class=\"wpcf7-list-item-label\">\u672c\u30fb\u5199\u771f\u96c6<\/span><\/label><\/span><\/span><\/span>\n\t\t\t\t\t\t<\/p>\n\t\t\t\t\t\t<p class=\"sonota\">\u305d\u306e\u4ed6\u306e\u3082\u306e\n\t\t\t\t\t\t<\/p>\n\t\t\t\t\t\t<p><span class=\"wpcf7-form-control-wrap\" data-name=\"sonota\"><textarea cols=\"40\" rows=\"10\" class=\"wpcf7-form-control wpcf7-textarea\" aria-invalid=\"false\" name=\"sonota\"><\/textarea><\/span>\n\t\t\t\t\t\t<\/p>\n\t\t\t\t\t<\/td>\n\t\t\t\t<\/tr>\n\t\t\t<\/table>\n\t\t<\/div>\n\t<\/div>\n\t<div class=\"bank kesu\">\n\t\t<h2>\u8cb7\u53d6\u4ee3\u91d1\u306e\u3054\u5165\u91d1\u5148\n\t\t<\/h2>\n\t\t<p>\u203b\u3054\u672c\u4eba\u540d\u7fa9\u4ee5\u5916\u306e\u53e3\u5ea7\u3078\u306e\u304a\u632f\u8fbc\u307f\u306f\u884c\u306a\u3063\u3066\u304a\u308a\u307e\u305b\u3093\u306e\u3067\u3054\u6ce8\u610f\u304f\u3060\u3055\u3044\n\t\t<\/p>\n\t<\/div>\n\t<div class=\"ato-nyuryoku\">\n\t\t<div class=\"check-radio\">\n\t\t\t<p><span class=\"wpcf7-form-control-wrap\" data-name=\"your-choice\"><span class=\"wpcf7-form-control wpcf7-radio atoderenraku\"><span class=\"wpcf7-list-item first\"><label><input type=\"radio\" name=\"your-choice\" value=\"\u5f8c\u3067\u9023\u7d61\u3059\u308b\" \/><span class=\"wpcf7-list-item-label\">\u5f8c\u3067\u9023\u7d61\u3059\u308b<\/span><\/label><\/span><span class=\"wpcf7-list-item last\"><label><input type=\"radio\" name=\"your-choice\" value=\"\u304a\u632f\u8fbc\u5148\u3092\u5165\u529b\" \/><span class=\"wpcf7-list-item-label\">\u304a\u632f\u8fbc\u5148\u3092\u5165\u529b<\/span><\/label><\/span><\/span><\/span>\n\t\t\t<\/p>\n\t\t<\/div>\n\t\t<div class=\"content-to-show\" style=\"display:none;\">\n\t\t\t<table class=\"CF7_table kesu\">\n\t\t\t\t<tr>\n\t\t\t\t\t<th>\n\t\t\t\t\t\t<p>\u9280\u884c\u540d\n\t\t\t\t\t\t<\/p>\n\t\t\t\t\t<\/th>\n\t\t\t\t\t<td>\n\t\t\t\t\t\t<p><span class=\"wpcf7-form-control-wrap\" data-name=\"ginko1\"><input size=\"40\" class=\"wpcf7-form-control wpcf7-text\" aria-invalid=\"false\" value=\"\" type=\"text\" name=\"ginko1\" \/><\/span>\n\t\t\t\t\t\t<\/p>\n\t\t\t\t\t<\/td>\n\t\t\t\t<\/tr>\n\t\t\t\t<tr>\n\t\t\t\t\t<th>\n\t\t\t\t\t\t<p>\u652f\u5e97\u540d\n\t\t\t\t\t\t<\/p>\n\t\t\t\t\t<\/th>\n\t\t\t\t\t<td>\n\t\t\t\t\t\t<p><span class=\"wpcf7-form-control-wrap\" data-name=\"ginko2\"><input size=\"40\" class=\"wpcf7-form-control wpcf7-text\" aria-invalid=\"false\" value=\"\" type=\"text\" name=\"ginko2\" \/><\/span>\n\t\t\t\t\t\t<\/p>\n\t\t\t\t\t<\/td>\n\t\t\t\t<\/tr>\n\t\t\t\t<tr>\n\t\t\t\t\t<th>\n\t\t\t\t\t\t<p>\u53e3\u5ea7\u7a2e\u5225\n\t\t\t\t\t\t<\/p>\n\t\t\t\t\t<\/th>\n\t\t\t\t\t<td>\n\t\t\t\t\t\t<div class=\"check-radio\">\n\t\t\t\t\t\t\t<p><span class=\"wpcf7-form-control-wrap\" data-name=\"radio-567\"><span class=\"wpcf7-form-control wpcf7-checkbox wpcf7-exclusive-checkbox\"><span class=\"wpcf7-list-item first\"><label><input type=\"checkbox\" name=\"radio-567\" value=\"\u666e\u901a\" \/><span class=\"wpcf7-list-item-label\">\u666e\u901a<\/span><\/label><\/span><span class=\"wpcf7-list-item last\"><label><input type=\"checkbox\" name=\"radio-567\" value=\"\u5f53\u5ea7\" \/><span class=\"wpcf7-list-item-label\">\u5f53\u5ea7<\/span><\/label><\/span><\/span><\/span>\n\t\t\t\t\t\t\t<\/p>\n\t\t\t\t\t\t<\/div>\n\t\t\t\t\t<\/td>\n\t\t\t\t<\/tr>\n\t\t\t\t<tr>\n\t\t\t\t\t<th>\n\t\t\t\t\t\t<p>\u53e3\u5ea7\u756a\u53f7\n\t\t\t\t\t\t<\/p>\n\t\t\t\t\t<\/th>\n\t\t\t\t\t<td>\n\t\t\t\t\t\t<p><span class=\"wpcf7-form-control-wrap\" data-name=\"kouzanum\"><input size=\"40\" class=\"wpcf7-form-control wpcf7-text\" aria-invalid=\"false\" value=\"\" type=\"text\" name=\"kouzanum\" \/><\/span><br \/>\n\u203b\u3086\u3046\u3061\u3087\u9280\u884c\u306e\u5834\u5408\u306f\u8a18\u53f7(5\u6841)\u3068\u756a\u53f7(7\uff5e8\u6841)\u3001\u307e\u305f\u306f3\u6841\u306e\u5e97\u756a\u3068\u53e3\u5ea7\u756a\u53f7\u3092\u3054\u5165\u529b\u304f\u3060\u3055\u3044\n\t\t\t\t\t\t<\/p>\n\t\t\t\t\t<\/td>\n\t\t\t\t<\/tr>\n\t\t\t\t<tr>\n\t\t\t\t\t<th>\n\t\t\t\t\t\t<p>\u53e3\u5ea7\u540d\u7fa9\n\t\t\t\t\t\t<\/p>\n\t\t\t\t\t<\/th>\n\t\t\t\t\t<td>\n\t\t\t\t\t\t<p><span class=\"wpcf7-form-control-wrap\" data-name=\"meigi\"><input size=\"40\" class=\"wpcf7-form-control wpcf7-text\" aria-invalid=\"false\" value=\"\" type=\"text\" name=\"meigi\" \/><\/span>\n\t\t\t\t\t\t<\/p>\n\t\t\t\t\t<\/td>\n\t\t\t\t<\/tr>\n\t\t\t<\/table>\n\t\t<\/div>\n\t<\/div>\n\t<div class=\"bank invoice-box1\">\n\t\t<h2>\u3069\u3061\u3089\u304b\u306b\u30c1\u30a7\u30c3\u30af\u3057\u3066\u304f\u3060\u3055\u3044\uff08\u30a4\u30f3\u30dc\u30a4\u30b9\u5236\u5ea6\u306b\u3088\u308a\u5fc5\u8981\u3068\u306a\u308a\u307e\u3059\uff09\n\t\t<\/h2>\n\t<\/div>\n\t<div class=\"ato-nyuryoku invoice-box2\">\n\t\t<div class=\"check-radio\">\n\t\t\t<p>\u8cb7\u53d6\u306e\u304a\u7533\u8fbc\u307f\u7406\u7531\u3092\u304a\u805e\u304b\u305b\u304f\u3060\u3055\u3044<br \/>\n<span class=\"wpcf7-form-control-wrap\" data-name=\"invoice\"><span class=\"wpcf7-form-control wpcf7-radio\"><span class=\"wpcf7-list-item first\"><label><input type=\"radio\" name=\"invoice\" value=\"\u4e0d\u8981\u54c1\u306e\u51e6\u5206\u30fb\u30ea\u30b5\u30a4\u30af\u30eb\u306a\u3069\" checked=\"checked\" \/><span class=\"wpcf7-list-item-label\">\u4e0d\u8981\u54c1\u306e\u51e6\u5206\u30fb\u30ea\u30b5\u30a4\u30af\u30eb\u306a\u3069<\/span><\/label><\/span><span class=\"wpcf7-list-item last\"><label><input type=\"radio\" name=\"invoice\" value=\"\u4e8b\u696d\u3067\u306e\u58f2\u5374\" \/><span class=\"wpcf7-list-item-label\">\u4e8b\u696d\u3067\u306e\u58f2\u5374<\/span><\/label><\/span><\/span><\/span>\n\t\t\t<\/p>\n\t\t\t<p class=\"keta13-txt\">\u4e8b\u696d\u3067\u306e\u58f2\u5374\u306e\u304a\u5ba2\u69d8\u306f\uff34\u304b\u3089\u59cb\u307e\u308b13\u6841\u306e\u9069\u683c\u8acb\u6c42\u66f8\u767a\u884c\u4e8b\u696d\u8005\u756a\u53f7\u3092\u3054\u5165\u529b\u304f\u3060\u3055\u3044\n\t\t\t<\/p>\n\t\t\t<p><span class=\"wpcf7-form-control-wrap\" data-name=\"keta13\"><input size=\"40\" class=\"wpcf7-form-control wpcf7-text\" aria-invalid=\"false\" value=\"\" type=\"text\" name=\"keta13\" \/><\/span>\n\t\t\t<\/p>\n\t\t<\/div>\n\t<\/div>\n\t<p class=\"pp kesu\"><a href=\"https:\/\/www.secondmaterial.co.jp\/privacypolicy.html\" target=\"_blank\">\u30d7\u30e9\u30a4\u30d0\u30b7\u30fc\u30dd\u30ea\u30b7\u30fc<\/a>\u3092\u304a\u8aad\u307f\u3044\u305f\u3060\u304d\u3001\u540c\u610f\u306e\u3046\u3048\u300c\u78ba\u8a8d\u300d\u3092\u30af\u30ea\u30c3\u30af\u3057\u3066\u304f\u3060\u3055\u3044\n\t<\/p>\n\t<p class=\"CF7_btn kesu\"><input class=\"wpcf7-form-control has-spinner wpcf7-submit\" type=\"submit\" value=\"\u78ba\u8a8d\" \/><input type=\"hidden\" name=\"_cf7msm_multistep_tag\" class=\"wpcf7-form-control cf7msm-multistep wpcf7-multistep\" value=\"{&quot;first_step&quot;:1,&quot;next_url&quot;:&quot;\\\/s-form\\\/contact3-confirm\\\/&quot;}\" \/><input type=\"hidden\" name=\"cf7msm-no-ss\" value=\"\" \/>\n\t<\/p>\n<\/div><div class=\"wpcf7-response-output\" aria-hidden=\"true\"><\/div>\n<\/form>\n<\/div>\n\n","protected":false},"excerpt":{"rendered":"<p>\u8cb7\u53d6\u54c1\u3092\u9001\u308b\u305f\u3081\u306e\u30c0\u30f3\u30dc\u30fc\u30eb\u3092\u3054\u5e0c\u671b\u306e\u304a\u5ba2\u69d8\u306f\u5148\u306b\u3053\u3061\u3089\u3088\u308a\u3054\u8acb\u6c42\u304f\u3060\u3055\u3044 \u30c0\u30f3\u30dc\u30fc\u30eb\u304c\u5c4a\u304d\u307e\u3057\u305f\u5f8c\u306b\u8cb7\u53d6\u306e\u304a\u7533\u8fbc\u307f\u3092\u304a\u9858\u3044\u3044\u305f\u3057\u307e\u3059 \u8cb7\u53d6\u304a\u7533\u3057\u8fbc\u307f\u30d5\u30a9\u30fc\u30e0<\/p>\n","protected":false},"author":3,"featured_media":0,"parent":0,"menu_order":9,"comment_status":"closed","ping_status":"closed","template":"","meta":[],"_links":{"self":[{"href":"https:\/\/www.secondmaterial.co.jp\/s-form\/wp-json\/wp\/v2\/pages\/28"}],"collection":[{"href":"https:\/\/www.secondmaterial.co.jp\/s-form\/wp-json\/wp\/v2\/pages"}],"about":[{"href":"https:\/\/www.secondmaterial.co.jp\/s-form\/wp-json\/wp\/v2\/types\/page"}],"author":[{"embeddable":true,"href":"https:\/\/www.secondmaterial.co.jp\/s-form\/wp-json\/wp\/v2\/users\/3"}],"replies":[{"embeddable":true,"href":"https:\/\/www.secondmaterial.co.jp\/s-form\/wp-json\/wp\/v2\/comments?post=28"}],"version-history":[{"count":9,"href":"https:\/\/www.secondmaterial.co.jp\/s-form\/wp-json\/wp\/v2\/pages\/28\/revisions"}],"predecessor-version":[{"id":149,"href":"https:\/\/www.secondmaterial.co.jp\/s-form\/wp-json\/wp\/v2\/pages\/28\/revisions\/149"}],"wp:attachment":[{"href":"https:\/\/www.secondmaterial.co.jp\/s-form\/wp-json\/wp\/v2\/media?parent=28"}],"curies":[{"name":"wp","href":"https:\/\/api.w.org\/{rel}","templated":true}]}}