{"id":46,"date":"2021-05-07T16:04:32","date_gmt":"2021-05-07T07:04:32","guid":{"rendered":"http:\/\/kir012718.kir.jp\/secondmaterial.co.jp\/s-form\/?page_id=46"},"modified":"2023-05-23T19:16:26","modified_gmt":"2023-05-23T10:16:26","slug":"sform-info","status":"publish","type":"page","link":"https:\/\/www.secondmaterial.co.jp\/s-form\/sform-info\/","title":{"rendered":"\u304a\u554f\u3044\u5408\u308f\u305b\u30d5\u30a9\u30fc\u30e0\uff0f\u67fb\u5b9a\u8077\u4eba\uff1a\u8cb7\u53d6\u30b5\u30a4\u30c8"},"content":{"rendered":"<h1>\u304a\u554f\u5408\u305b\u30d5\u30a9\u30fc\u30e0<\/h1>\n\n<div class=\"wpcf7 no-js\" id=\"wpcf7-f45-o1\" lang=\"ja\" dir=\"ltr\">\n<div class=\"screen-reader-response\"><p role=\"status\" aria-live=\"polite\" aria-atomic=\"true\"><\/p> <ul><\/ul><\/div>\n<form action=\"\/s-form\/wp-json\/wp\/v2\/pages\/46#wpcf7-f45-o1\" method=\"post\" class=\"wpcf7-form init\" aria-label=\"\u30b3\u30f3\u30bf\u30af\u30c8\u30d5\u30a9\u30fc\u30e0\" enctype=\"multipart\/form-data\" novalidate=\"novalidate\" data-status=\"init\">\n<div style=\"display: none;\">\n<input type=\"hidden\" name=\"_wpcf7\" value=\"45\" \/>\n<input type=\"hidden\" name=\"_wpcf7_version\" value=\"5.7.6\" \/>\n<input type=\"hidden\" name=\"_wpcf7_locale\" value=\"ja\" \/>\n<input type=\"hidden\" name=\"_wpcf7_unit_tag\" value=\"wpcf7-f45-o1\" \/>\n<input type=\"hidden\" name=\"_wpcf7_container_post\" value=\"0\" \/>\n<input type=\"hidden\" name=\"_wpcf7_posted_data_hash\" value=\"\" \/>\n<input type=\"hidden\" name=\"_wpcf7cf_hidden_group_fields\" value=\"[]\" \/>\n<input type=\"hidden\" name=\"_wpcf7cf_hidden_groups\" value=\"[]\" \/>\n<input type=\"hidden\" name=\"_wpcf7cf_visible_groups\" value=\"[]\" \/>\n<input type=\"hidden\" name=\"_wpcf7cf_repeaters\" value=\"[]\" \/>\n<input type=\"hidden\" name=\"_wpcf7cf_steps\" value=\"{}\" \/>\n<input type=\"hidden\" name=\"_wpcf7cf_options\" value=\"{&quot;form_id&quot;:45,&quot;conditions&quot;:[],&quot;settings&quot;:{&quot;animation&quot;:&quot;yes&quot;,&quot;animation_intime&quot;:200,&quot;animation_outtime&quot;:200,&quot;conditions_ui&quot;:&quot;normal&quot;,&quot;notice_dismissed&quot;:false}}\" \/>\n<\/div>\n<table class=\"CF7_table kesu\">\n\t<tr>\n\t\t<th>\n\t\t\t<p>\u30e1\u30fc\u30eb\u30a2\u30c9\u30ec\u30b9\n\t\t\t<\/p>\n\t\t<\/th>\n\t\t<td>\n\t\t\t<p><span class=\"wpcf7-form-control-wrap\" data-name=\"your-email\"><input size=\"40\" class=\"wpcf7-form-control wpcf7-text wpcf7-email wpcf7-validates-as-required wpcf7-validates-as-email\" aria-required=\"true\" aria-invalid=\"false\" placeholder=\"\u4f8b\uff1a\u00d7\u00d7\u00d7@\u00d7\u00d7\u00d7.com\" value=\"\" type=\"email\" name=\"your-email\" \/><\/span><br \/>\n\u203b\u300c@secondmaterial.co.jp\u300d\u304b\u3089\u306e\u30e1\u30fc\u30eb\u3092\u53d7\u4fe1\u53ef\u80fd\u306a\u72b6\u614b\u306b\u8a2d\u5b9a\u3057\u3066\u304f\u3060\u3055\u3044\n\t\t\t<\/p>\n\t\t<\/td>\n\t<\/tr>\n\t<tr>\n\t\t<th>\n\t\t\t<p>\u304a\u554f\u5408\u305b\u5185\u5bb9\n\t\t\t<\/p>\n\t\t<\/th>\n\t\t<td>\n\t\t\t<p><span class=\"wpcf7-form-control-wrap\" data-name=\"naiyou\"><textarea cols=\"40\" rows=\"10\" class=\"wpcf7-form-control wpcf7-textarea wpcf7-validates-as-required\" aria-required=\"true\" aria-invalid=\"false\" name=\"naiyou\"><\/textarea><\/span>\n\t\t\t<\/p>\n\t\t<\/td>\n\t<\/tr>\n<\/table>\n<div class=\"file-temp\">\n\t<p>\u5546\u54c1\u60c5\u5831\u3092\u753b\u50cf\u3084\u30a8\u30af\u30bb\u30eb\u30d5\u30a1\u30a4\u30eb\u3067\u9001\u3089\u308c\u308b\u5834\u5408\u306f\u3053\u3061\u3089\u306b\u3066\u6dfb\u4ed8\u3057\u3066\u304f\u3060\u3055\u3044\n\t<\/p>\n\t<p><span class=\"wpcf7-form-control-wrap\" data-name=\"file-993\"><input size=\"40\" class=\"wpcf7-form-control wpcf7-file\" accept=\".jpg,.jpeg,.png,.xlx,.xlsx\" aria-invalid=\"false\" type=\"file\" name=\"file-993\" \/><\/span>\n\t<\/p>\n<\/div>\n<p class=\"pp kesu\"><a href=\"https:\/\/www.secondmaterial.co.jp\/privacypolicy.html\" target=\"_blank\">\u30d7\u30e9\u30a4\u30d0\u30b7\u30fc\u30dd\u30ea\u30b7\u30fc<\/a>\u3092\u304a\u8aad\u307f\u3044\u305f\u3060\u304d\u3001\u540c\u610f\u306e\u3046\u3048\u300c\u78ba\u8a8d\u300d\u3092\u30af\u30ea\u30c3\u30af\u3057\u3066\u304f\u3060\u3055\u3044\n<\/p>\n<p class=\"CF7_btn kesu\"><input class=\"wpcf7-form-control has-spinner wpcf7-submit\" type=\"submit\" value=\"\u9001\u4fe1\" \/>\n<\/p><div class=\"wpcf7-response-output\" aria-hidden=\"true\"><\/div>\n<\/form>\n<\/div>\n\n","protected":false},"excerpt":{"rendered":"<p>\u304a\u554f\u5408\u305b\u30d5\u30a9\u30fc\u30e0<\/p>\n","protected":false},"author":3,"featured_media":0,"parent":0,"menu_order":6,"comment_status":"closed","ping_status":"closed","template":"","meta":[],"_links":{"self":[{"href":"https:\/\/www.secondmaterial.co.jp\/s-form\/wp-json\/wp\/v2\/pages\/46"}],"collection":[{"href":"https:\/\/www.secondmaterial.co.jp\/s-form\/wp-json\/wp\/v2\/pages"}],"about":[{"href":"https:\/\/www.secondmaterial.co.jp\/s-form\/wp-json\/wp\/v2\/types\/page"}],"author":[{"embeddable":true,"href":"https:\/\/www.secondmaterial.co.jp\/s-form\/wp-json\/wp\/v2\/users\/3"}],"replies":[{"embeddable":true,"href":"https:\/\/www.secondmaterial.co.jp\/s-form\/wp-json\/wp\/v2\/comments?post=46"}],"version-history":[{"count":4,"href":"https:\/\/www.secondmaterial.co.jp\/s-form\/wp-json\/wp\/v2\/pages\/46\/revisions"}],"predecessor-version":[{"id":152,"href":"https:\/\/www.secondmaterial.co.jp\/s-form\/wp-json\/wp\/v2\/pages\/46\/revisions\/152"}],"wp:attachment":[{"href":"https:\/\/www.secondmaterial.co.jp\/s-form\/wp-json\/wp\/v2\/media?parent=46"}],"curies":[{"name":"wp","href":"https:\/\/api.w.org\/{rel}","templated":true}]}}